{"id":90,"date":"2023-06-28T18:22:19","date_gmt":"2023-06-28T16:22:19","guid":{"rendered":"https:\/\/befa-shop.eu\/?post_type=product&#038;p=90"},"modified":"2023-06-28T18:22:19","modified_gmt":"2023-06-28T16:22:19","slug":"ieh1","status":"publish","type":"product","link":"https:\/\/befa-shop.eu\/?product=ieh1","title":{"rendered":"IEH1"},"content":{"rendered":"<p><b>XIEHE<\/b><\/p>\n<p>Cl\u00e9 plate. T\u00eate de cl\u00e9 : 49<\/p>\n<p>Cat\u00e9gories : cylindres<\/p>\n<p>LAITON<\/p>\n<p>Dimensions cl\u00e9s : Longueur de la lame : 16,1. Epaisseur de la lame : 1,8. Largeur de la lame : 6,5. Longueur de la cl\u00e9 : 42<\/p>\n","protected":false},"excerpt":{"rendered":"<p>IEH1. XIEHE. Cl\u00e9 plate<\/p>\n","protected":false},"featured_media":91,"comment_status":"open","ping_status":"closed","template":"","meta":{"om_disable_all_campaigns":false,"_monsterinsights_skip_tracking":false,"_monsterinsights_sitenote_active":false,"_monsterinsights_sitenote_note":"","_monsterinsights_sitenote_category":0},"product_brand":[],"product_cat":[41],"product_tag":[57],"class_list":{"0":"post-90","1":"product","2":"type-product","3":"status-publish","4":"has-post-thumbnail","6":"product_cat-cle-plate","7":"product_tag-ieh1","9":"first","10":"instock","11":"taxable","12":"shipping-taxable","13":"product-type-simple"},"aioseo_notices":[],"jetpack_sharing_enabled":true,"_links":{"self":[{"href":"https:\/\/befa-shop.eu\/index.php?rest_route=\/wp\/v2\/product\/90","targetHints":{"allow":["GET"]}}],"collection":[{"href":"https:\/\/befa-shop.eu\/index.php?rest_route=\/wp\/v2\/product"}],"about":[{"href":"https:\/\/befa-shop.eu\/index.php?rest_route=\/wp\/v2\/types\/product"}],"replies":[{"embeddable":true,"href":"https:\/\/befa-shop.eu\/index.php?rest_route=%2Fwp%2Fv2%2Fcomments&post=90"}],"wp:featuredmedia":[{"embeddable":true,"href":"https:\/\/befa-shop.eu\/index.php?rest_route=\/wp\/v2\/media\/91"}],"wp:attachment":[{"href":"https:\/\/befa-shop.eu\/index.php?rest_route=%2Fwp%2Fv2%2Fmedia&parent=90"}],"wp:term":[{"taxonomy":"product_brand","embeddable":true,"href":"https:\/\/befa-shop.eu\/index.php?rest_route=%2Fwp%2Fv2%2Fproduct_brand&post=90"},{"taxonomy":"product_cat","embeddable":true,"href":"https:\/\/befa-shop.eu\/index.php?rest_route=%2Fwp%2Fv2%2Fproduct_cat&post=90"},{"taxonomy":"product_tag","embeddable":true,"href":"https:\/\/befa-shop.eu\/index.php?rest_route=%2Fwp%2Fv2%2Fproduct_tag&post=90"}],"curies":[{"name":"wp","href":"https:\/\/api.w.org\/{rel}","templated":true}]}}