{"id":84,"date":"2023-06-28T18:10:57","date_gmt":"2023-06-28T16:10:57","guid":{"rendered":"https:\/\/befa-shop.eu\/?post_type=product&#038;p=84"},"modified":"2023-06-28T18:10:57","modified_gmt":"2023-06-28T16:10:57","slug":"ie15x","status":"publish","type":"product","link":"https:\/\/befa-shop.eu\/?product=ie15x","title":{"rendered":"IE15X"},"content":{"rendered":"<p><b>ISEO<\/b><\/p>\n<p>Cl\u00e9 \u00e0 fossette. T\u00eate de cl\u00e9 : 1129<\/p>\n<p>Cat\u00e9gories : cylindres<\/p>\n<p>Code d&#8217;origine : R6<\/p>\n<p>LAITON<\/p>\n<p>Dimensions cl\u00e9s : Longueur de la lame : 26,7. Epaisseur de la lame : 2,9. Largeur de la lame : 9,4. Longueur de la cl\u00e9 : 68,5.<\/p>\n","protected":false},"excerpt":{"rendered":"<p>IE15X. ISEO. Cl\u00e9 \u00e0 fossette<\/p>\n","protected":false},"featured_media":85,"comment_status":"open","ping_status":"closed","template":"","meta":{"om_disable_all_campaigns":false,"_monsterinsights_skip_tracking":false,"_monsterinsights_sitenote_active":false,"_monsterinsights_sitenote_note":"","_monsterinsights_sitenote_category":0},"product_brand":[],"product_cat":[40],"product_tag":[54],"class_list":{"0":"post-84","1":"product","2":"type-product","3":"status-publish","4":"has-post-thumbnail","6":"product_cat-cle-a-fossette","7":"product_tag-ie15x","9":"first","10":"instock","11":"taxable","12":"shipping-taxable","13":"product-type-simple"},"aioseo_notices":[],"jetpack_sharing_enabled":true,"_links":{"self":[{"href":"https:\/\/befa-shop.eu\/index.php?rest_route=\/wp\/v2\/product\/84","targetHints":{"allow":["GET"]}}],"collection":[{"href":"https:\/\/befa-shop.eu\/index.php?rest_route=\/wp\/v2\/product"}],"about":[{"href":"https:\/\/befa-shop.eu\/index.php?rest_route=\/wp\/v2\/types\/product"}],"replies":[{"embeddable":true,"href":"https:\/\/befa-shop.eu\/index.php?rest_route=%2Fwp%2Fv2%2Fcomments&post=84"}],"wp:featuredmedia":[{"embeddable":true,"href":"https:\/\/befa-shop.eu\/index.php?rest_route=\/wp\/v2\/media\/85"}],"wp:attachment":[{"href":"https:\/\/befa-shop.eu\/index.php?rest_route=%2Fwp%2Fv2%2Fmedia&parent=84"}],"wp:term":[{"taxonomy":"product_brand","embeddable":true,"href":"https:\/\/befa-shop.eu\/index.php?rest_route=%2Fwp%2Fv2%2Fproduct_brand&post=84"},{"taxonomy":"product_cat","embeddable":true,"href":"https:\/\/befa-shop.eu\/index.php?rest_route=%2Fwp%2Fv2%2Fproduct_cat&post=84"},{"taxonomy":"product_tag","embeddable":true,"href":"https:\/\/befa-shop.eu\/index.php?rest_route=%2Fwp%2Fv2%2Fproduct_tag&post=84"}],"curies":[{"name":"wp","href":"https:\/\/api.w.org\/{rel}","templated":true}]}}