{"id":82,"date":"2023-06-28T18:06:48","date_gmt":"2023-06-28T16:06:48","guid":{"rendered":"https:\/\/befa-shop.eu\/?post_type=product&#038;p=82"},"modified":"2023-06-28T18:06:48","modified_gmt":"2023-06-28T16:06:48","slug":"hw4r","status":"publish","type":"product","link":"https:\/\/befa-shop.eu\/?product=hw4r","title":{"rendered":"HW4R"},"content":{"rendered":"<p><b>HUWIL,<\/b> JETBAG, STEELCASE, STRAFOR<\/p>\n<p>Cl\u00e9 plate. T\u00eate de cl\u00e9 : 401<\/p>\n<p>Cat\u00e9gories : cylindres<\/p>\n<p>ACIER<\/p>\n<p>Dimensions cl\u00e9s : Longueur de la lame : 20. Epaisseur de la lame : 2,3. Largeur de la lame : 7. Longueur de la cl\u00e9 : 50.<\/p>\n","protected":false},"excerpt":{"rendered":"<p>HW4R<b>. HUWIL,<\/b> JETBAG, STEELCASE, STRAFOR. Cl\u00e9 plate.<\/p>\n","protected":false},"featured_media":83,"comment_status":"open","ping_status":"closed","template":"","meta":{"om_disable_all_campaigns":false,"_monsterinsights_skip_tracking":false,"_monsterinsights_sitenote_active":false,"_monsterinsights_sitenote_note":"","_monsterinsights_sitenote_category":0},"product_brand":[],"product_cat":[41],"product_tag":[53],"class_list":{"0":"post-82","1":"product","2":"type-product","3":"status-publish","4":"has-post-thumbnail","6":"product_cat-cle-plate","7":"product_tag-hw4r","9":"first","10":"instock","11":"taxable","12":"shipping-taxable","13":"product-type-simple"},"aioseo_notices":[],"jetpack_sharing_enabled":true,"_links":{"self":[{"href":"https:\/\/befa-shop.eu\/index.php?rest_route=\/wp\/v2\/product\/82","targetHints":{"allow":["GET"]}}],"collection":[{"href":"https:\/\/befa-shop.eu\/index.php?rest_route=\/wp\/v2\/product"}],"about":[{"href":"https:\/\/befa-shop.eu\/index.php?rest_route=\/wp\/v2\/types\/product"}],"replies":[{"embeddable":true,"href":"https:\/\/befa-shop.eu\/index.php?rest_route=%2Fwp%2Fv2%2Fcomments&post=82"}],"wp:featuredmedia":[{"embeddable":true,"href":"https:\/\/befa-shop.eu\/index.php?rest_route=\/wp\/v2\/media\/83"}],"wp:attachment":[{"href":"https:\/\/befa-shop.eu\/index.php?rest_route=%2Fwp%2Fv2%2Fmedia&parent=82"}],"wp:term":[{"taxonomy":"product_brand","embeddable":true,"href":"https:\/\/befa-shop.eu\/index.php?rest_route=%2Fwp%2Fv2%2Fproduct_brand&post=82"},{"taxonomy":"product_cat","embeddable":true,"href":"https:\/\/befa-shop.eu\/index.php?rest_route=%2Fwp%2Fv2%2Fproduct_cat&post=82"},{"taxonomy":"product_tag","embeddable":true,"href":"https:\/\/befa-shop.eu\/index.php?rest_route=%2Fwp%2Fv2%2Fproduct_tag&post=82"}],"curies":[{"name":"wp","href":"https:\/\/api.w.org\/{rel}","templated":true}]}}