{"id":62,"date":"2023-06-28T17:22:26","date_gmt":"2023-06-28T15:22:26","guid":{"rendered":"https:\/\/befa-shop.eu\/?post_type=product&#038;p=62"},"modified":"2023-06-28T17:22:27","modified_gmt":"2023-06-28T15:22:27","slug":"eu10r","status":"publish","type":"product","link":"https:\/\/befa-shop.eu\/?product=eu10r","title":{"rendered":"EU10R"},"content":{"rendered":"<p>SERRURES EURO<\/p>\n<p>Cl\u00e9 plate &#8211; T\u00eate de cl\u00e9 : 55<\/p>\n<p>Cat\u00e9gories : voitures, cylindres, meubles cylindres<\/p>\n<p>ACIER<\/p>\n<p>Dimensions cl\u00e9s : Longueur de la lame : 18,5. Epaisseur de le lame :2. Largeur de la lame : 7,4. Longueur de la cl\u00e9 : 47.<\/p>\n<p>&nbsp;<\/p>\n","protected":false},"excerpt":{"rendered":"<p>EU10R. SERRURES EURO. Cl\u00e9 plate<\/p>\n","protected":false},"featured_media":63,"comment_status":"open","ping_status":"closed","template":"","meta":{"om_disable_all_campaigns":false,"_monsterinsights_skip_tracking":false,"_monsterinsights_sitenote_active":false,"_monsterinsights_sitenote_note":"","_monsterinsights_sitenote_category":0},"product_brand":[],"product_cat":[41],"product_tag":[43],"class_list":{"0":"post-62","1":"product","2":"type-product","3":"status-publish","4":"has-post-thumbnail","6":"product_cat-cle-plate","7":"product_tag-eu10r","9":"first","10":"instock","11":"taxable","12":"shipping-taxable","13":"product-type-simple"},"aioseo_notices":[],"jetpack_sharing_enabled":true,"_links":{"self":[{"href":"https:\/\/befa-shop.eu\/index.php?rest_route=\/wp\/v2\/product\/62","targetHints":{"allow":["GET"]}}],"collection":[{"href":"https:\/\/befa-shop.eu\/index.php?rest_route=\/wp\/v2\/product"}],"about":[{"href":"https:\/\/befa-shop.eu\/index.php?rest_route=\/wp\/v2\/types\/product"}],"replies":[{"embeddable":true,"href":"https:\/\/befa-shop.eu\/index.php?rest_route=%2Fwp%2Fv2%2Fcomments&post=62"}],"wp:featuredmedia":[{"embeddable":true,"href":"https:\/\/befa-shop.eu\/index.php?rest_route=\/wp\/v2\/media\/63"}],"wp:attachment":[{"href":"https:\/\/befa-shop.eu\/index.php?rest_route=%2Fwp%2Fv2%2Fmedia&parent=62"}],"wp:term":[{"taxonomy":"product_brand","embeddable":true,"href":"https:\/\/befa-shop.eu\/index.php?rest_route=%2Fwp%2Fv2%2Fproduct_brand&post=62"},{"taxonomy":"product_cat","embeddable":true,"href":"https:\/\/befa-shop.eu\/index.php?rest_route=%2Fwp%2Fv2%2Fproduct_cat&post=62"},{"taxonomy":"product_tag","embeddable":true,"href":"https:\/\/befa-shop.eu\/index.php?rest_route=%2Fwp%2Fv2%2Fproduct_tag&post=62"}],"curies":[{"name":"wp","href":"https:\/\/api.w.org\/{rel}","templated":true}]}}