{"id":53,"date":"2023-06-27T18:40:31","date_gmt":"2023-06-27T16:40:31","guid":{"rendered":"https:\/\/befa-shop.eu\/?post_type=product&#038;p=53"},"modified":"2023-06-28T16:34:23","modified_gmt":"2023-06-28T14:34:23","slug":"cs62","status":"publish","type":"product","link":"https:\/\/befa-shop.eu\/?product=cs62","title":{"rendered":"CS62"},"content":{"rendered":"<p>CISA<\/p>\n<p>Cl\u00e9 \u00e0 fossette. T\u00eate de cl\u00e9 : 1219<\/p>\n<p>Cat\u00e9gories : cylindres, cylindres de s\u00e9curit\u00e9<\/p>\n<p>LAITON<\/p>\n<p>Dimensions cl\u00e9s\u00a0 : Longueur de la lame : 27,2. Epaisseur de la lame : 2,9.\u00a0 Largeur de la lame : 8,2. Longueur de la cl\u00e9 : 66.<\/p>\n","protected":false},"excerpt":{"rendered":"<p>CS62. CISA. Cl\u00e9 \u00e0 fossette<\/p>\n","protected":false},"featured_media":54,"comment_status":"open","ping_status":"closed","template":"","meta":{"om_disable_all_campaigns":false,"_monsterinsights_skip_tracking":false,"_monsterinsights_sitenote_active":false,"_monsterinsights_sitenote_note":"","_monsterinsights_sitenote_category":0},"product_brand":[],"product_cat":[40],"product_tag":[37],"class_list":{"0":"post-53","1":"product","2":"type-product","3":"status-publish","4":"has-post-thumbnail","6":"product_cat-cle-a-fossette","7":"product_tag-cs62","9":"first","10":"instock","11":"taxable","12":"shipping-taxable","13":"product-type-simple"},"aioseo_notices":[],"jetpack_sharing_enabled":true,"_links":{"self":[{"href":"https:\/\/befa-shop.eu\/index.php?rest_route=\/wp\/v2\/product\/53","targetHints":{"allow":["GET"]}}],"collection":[{"href":"https:\/\/befa-shop.eu\/index.php?rest_route=\/wp\/v2\/product"}],"about":[{"href":"https:\/\/befa-shop.eu\/index.php?rest_route=\/wp\/v2\/types\/product"}],"replies":[{"embeddable":true,"href":"https:\/\/befa-shop.eu\/index.php?rest_route=%2Fwp%2Fv2%2Fcomments&post=53"}],"wp:featuredmedia":[{"embeddable":true,"href":"https:\/\/befa-shop.eu\/index.php?rest_route=\/wp\/v2\/media\/54"}],"wp:attachment":[{"href":"https:\/\/befa-shop.eu\/index.php?rest_route=%2Fwp%2Fv2%2Fmedia&parent=53"}],"wp:term":[{"taxonomy":"product_brand","embeddable":true,"href":"https:\/\/befa-shop.eu\/index.php?rest_route=%2Fwp%2Fv2%2Fproduct_brand&post=53"},{"taxonomy":"product_cat","embeddable":true,"href":"https:\/\/befa-shop.eu\/index.php?rest_route=%2Fwp%2Fv2%2Fproduct_cat&post=53"},{"taxonomy":"product_tag","embeddable":true,"href":"https:\/\/befa-shop.eu\/index.php?rest_route=%2Fwp%2Fv2%2Fproduct_tag&post=53"}],"curies":[{"name":"wp","href":"https:\/\/api.w.org\/{rel}","templated":true}]}}