{"id":47,"date":"2023-06-27T18:15:01","date_gmt":"2023-06-27T16:15:01","guid":{"rendered":"https:\/\/befa-shop.eu\/?post_type=product&#038;p=47"},"modified":"2023-06-28T17:05:59","modified_gmt":"2023-06-28T15:05:59","slug":"cs207","status":"publish","type":"product","link":"https:\/\/befa-shop.eu\/?product=cs207","title":{"rendered":"CS207"},"content":{"rendered":"<p><strong>CISA<\/strong>, ABUS, CAVERS, CHAVO, CORBIN, ESCO, ESSENDIA, GEFI, GETE, GTV, HERACLES, NB, SCH\u00dcCO, STANDARD<\/p>\n<p>Cl\u00e9 plate. T\u00eate de cl\u00e9 : 10<\/p>\n<p>Cat\u00e9gories : cylindres, cadenas<\/p>\n<p>ACIER<\/p>\n<p>Dimensions cl\u00e9s\u00a0 : Longueur de la lame : 27. Epaisseur de la lame : 2,2. Largeur de la lame : 8,2. Longueur de la cl\u00e9 : 55.<\/p>\n","protected":false},"excerpt":{"rendered":"<p>CS207. <strong>CISA<\/strong>, ABUS, CAVERS, CHAVO, CORBIN, ESCO, ESSENDIA, GEFI, GETE, GTV, HERACLES, NB, SCH\u00dcCO, STANDARD. Cl\u00e9 plate<\/p>\n","protected":false},"featured_media":48,"comment_status":"open","ping_status":"closed","template":"","meta":{"om_disable_all_campaigns":false,"_monsterinsights_skip_tracking":false,"_monsterinsights_sitenote_active":false,"_monsterinsights_sitenote_note":"","_monsterinsights_sitenote_category":0},"product_brand":[],"product_cat":[41],"product_tag":[34],"class_list":{"0":"post-47","1":"product","2":"type-product","3":"status-publish","4":"has-post-thumbnail","6":"product_cat-cle-plate","7":"product_tag-cs207","9":"first","10":"instock","11":"taxable","12":"shipping-taxable","13":"product-type-simple"},"aioseo_notices":[],"jetpack_sharing_enabled":true,"_links":{"self":[{"href":"https:\/\/befa-shop.eu\/index.php?rest_route=\/wp\/v2\/product\/47","targetHints":{"allow":["GET"]}}],"collection":[{"href":"https:\/\/befa-shop.eu\/index.php?rest_route=\/wp\/v2\/product"}],"about":[{"href":"https:\/\/befa-shop.eu\/index.php?rest_route=\/wp\/v2\/types\/product"}],"replies":[{"embeddable":true,"href":"https:\/\/befa-shop.eu\/index.php?rest_route=%2Fwp%2Fv2%2Fcomments&post=47"}],"wp:featuredmedia":[{"embeddable":true,"href":"https:\/\/befa-shop.eu\/index.php?rest_route=\/wp\/v2\/media\/48"}],"wp:attachment":[{"href":"https:\/\/befa-shop.eu\/index.php?rest_route=%2Fwp%2Fv2%2Fmedia&parent=47"}],"wp:term":[{"taxonomy":"product_brand","embeddable":true,"href":"https:\/\/befa-shop.eu\/index.php?rest_route=%2Fwp%2Fv2%2Fproduct_brand&post=47"},{"taxonomy":"product_cat","embeddable":true,"href":"https:\/\/befa-shop.eu\/index.php?rest_route=%2Fwp%2Fv2%2Fproduct_cat&post=47"},{"taxonomy":"product_tag","embeddable":true,"href":"https:\/\/befa-shop.eu\/index.php?rest_route=%2Fwp%2Fv2%2Fproduct_tag&post=47"}],"curies":[{"name":"wp","href":"https:\/\/api.w.org\/{rel}","templated":true}]}}