{"id":37,"date":"2023-06-27T17:45:28","date_gmt":"2023-06-27T15:45:28","guid":{"rendered":"https:\/\/befa-shop.eu\/?post_type=product&#038;p=37"},"modified":"2023-06-28T16:59:46","modified_gmt":"2023-06-28T14:59:46","slug":"bur24r","status":"publish","type":"product","link":"https:\/\/befa-shop.eu\/?product=bur24r","title":{"rendered":"BUR24R"},"content":{"rendered":"<p>BURG W\u00c4CHTER, HOPPE<\/p>\n<p>Cl\u00e9 plate. T\u00eate de cl\u00e9 : 1257<\/p>\n<p>Cat\u00e9gories : cylindres<\/p>\n<p>Code d&#8217;origine : 33W<\/p>\n<p>ACIER<\/p>\n<p>Dimensions cl\u00e9s\u00a0 : Longueur de la lame : 14,23. Epaisseur de la lame : 1,9. Largeur de la lame : 5,75. Longueur de la cl\u00e9 : 37.<\/p>\n<p>&nbsp;<\/p>\n<p>&nbsp;<\/p>\n","protected":false},"excerpt":{"rendered":"<p>BUR24R. BURG W\u00c4CHTER, HOPPE. Cl\u00e9 plate.<\/p>\n","protected":false},"featured_media":38,"comment_status":"open","ping_status":"closed","template":"","meta":{"om_disable_all_campaigns":false,"_monsterinsights_skip_tracking":false,"_monsterinsights_sitenote_active":false,"_monsterinsights_sitenote_note":"","_monsterinsights_sitenote_category":0},"product_brand":[],"product_cat":[41],"product_tag":[29],"class_list":{"0":"post-37","1":"product","2":"type-product","3":"status-publish","4":"has-post-thumbnail","6":"product_cat-cle-plate","7":"product_tag-bur24r","9":"first","10":"instock","11":"taxable","12":"shipping-taxable","13":"product-type-simple"},"aioseo_notices":[],"jetpack_sharing_enabled":true,"_links":{"self":[{"href":"https:\/\/befa-shop.eu\/index.php?rest_route=\/wp\/v2\/product\/37","targetHints":{"allow":["GET"]}}],"collection":[{"href":"https:\/\/befa-shop.eu\/index.php?rest_route=\/wp\/v2\/product"}],"about":[{"href":"https:\/\/befa-shop.eu\/index.php?rest_route=\/wp\/v2\/types\/product"}],"replies":[{"embeddable":true,"href":"https:\/\/befa-shop.eu\/index.php?rest_route=%2Fwp%2Fv2%2Fcomments&post=37"}],"wp:featuredmedia":[{"embeddable":true,"href":"https:\/\/befa-shop.eu\/index.php?rest_route=\/wp\/v2\/media\/38"}],"wp:attachment":[{"href":"https:\/\/befa-shop.eu\/index.php?rest_route=%2Fwp%2Fv2%2Fmedia&parent=37"}],"wp:term":[{"taxonomy":"product_brand","embeddable":true,"href":"https:\/\/befa-shop.eu\/index.php?rest_route=%2Fwp%2Fv2%2Fproduct_brand&post=37"},{"taxonomy":"product_cat","embeddable":true,"href":"https:\/\/befa-shop.eu\/index.php?rest_route=%2Fwp%2Fv2%2Fproduct_cat&post=37"},{"taxonomy":"product_tag","embeddable":true,"href":"https:\/\/befa-shop.eu\/index.php?rest_route=%2Fwp%2Fv2%2Fproduct_tag&post=37"}],"curies":[{"name":"wp","href":"https:\/\/api.w.org\/{rel}","templated":true}]}}