{"id":13,"date":"2023-06-27T16:15:09","date_gmt":"2023-06-27T14:15:09","guid":{"rendered":"https:\/\/befa-shop.eu\/?post_type=product&#038;p=13"},"modified":"2023-06-29T18:30:49","modified_gmt":"2023-06-29T16:30:49","slug":"ab1","status":"publish","type":"product","link":"https:\/\/befa-shop.eu\/?product=ab1","title":{"rendered":"AB1"},"content":{"rendered":"<p>Cl\u00e9 plate. T\u00eate de cl\u00e9 : 10.<\/p>\n<p>Cat\u00e9gories : cylindres.<\/p>\n<p>Acier.<\/p>\n<p>Dimensions cl\u00e9s : longueur de lame : 27. Largeur de lame : 8,2. Longueur de cl\u00e9 : 54.<\/p>\n<p><strong>ABUS<\/strong>, ANCRE, CHAVO, CISA, CORBIN, ESCO, ESSENDIA, GEFI, GTV, JET, JPM, KALE, OTHMER, SCH\u00dcCO.<\/p>\n","protected":false},"excerpt":{"rendered":"<p>AB1. Cl\u00e9 plate.<\/p>\n","protected":false},"featured_media":14,"comment_status":"open","ping_status":"closed","template":"","meta":{"om_disable_all_campaigns":false,"_monsterinsights_skip_tracking":false,"_monsterinsights_sitenote_active":false,"_monsterinsights_sitenote_note":"","_monsterinsights_sitenote_category":0},"product_brand":[],"product_cat":[41],"product_tag":[19],"class_list":{"0":"post-13","1":"product","2":"type-product","3":"status-publish","4":"has-post-thumbnail","6":"product_cat-cle-plate","7":"product_tag-ab1","9":"first","10":"instock","11":"downloadable","12":"taxable","13":"shipping-taxable","14":"product-type-simple"},"aioseo_notices":[],"jetpack_sharing_enabled":true,"_links":{"self":[{"href":"https:\/\/befa-shop.eu\/index.php?rest_route=\/wp\/v2\/product\/13","targetHints":{"allow":["GET"]}}],"collection":[{"href":"https:\/\/befa-shop.eu\/index.php?rest_route=\/wp\/v2\/product"}],"about":[{"href":"https:\/\/befa-shop.eu\/index.php?rest_route=\/wp\/v2\/types\/product"}],"replies":[{"embeddable":true,"href":"https:\/\/befa-shop.eu\/index.php?rest_route=%2Fwp%2Fv2%2Fcomments&post=13"}],"wp:featuredmedia":[{"embeddable":true,"href":"https:\/\/befa-shop.eu\/index.php?rest_route=\/wp\/v2\/media\/14"}],"wp:attachment":[{"href":"https:\/\/befa-shop.eu\/index.php?rest_route=%2Fwp%2Fv2%2Fmedia&parent=13"}],"wp:term":[{"taxonomy":"product_brand","embeddable":true,"href":"https:\/\/befa-shop.eu\/index.php?rest_route=%2Fwp%2Fv2%2Fproduct_brand&post=13"},{"taxonomy":"product_cat","embeddable":true,"href":"https:\/\/befa-shop.eu\/index.php?rest_route=%2Fwp%2Fv2%2Fproduct_cat&post=13"},{"taxonomy":"product_tag","embeddable":true,"href":"https:\/\/befa-shop.eu\/index.php?rest_route=%2Fwp%2Fv2%2Fproduct_tag&post=13"}],"curies":[{"name":"wp","href":"https:\/\/api.w.org\/{rel}","templated":true}]}}